{"id":1630,"date":"2025-07-01T22:03:12","date_gmt":"2025-07-01T20:03:12","guid":{"rendered":"https:\/\/www.museauxetsabots.fr\/?page_id=1630"},"modified":"2025-12-01T21:24:48","modified_gmt":"2025-12-01T20:24:48","slug":"decouvrez-museaux-et-sabots-une-micro-ferme-pedagogique-a-orchies","status":"publish","type":"page","link":"https:\/\/www.museauxetsabots.fr\/index.php\/decouvrez-museaux-et-sabots-une-micro-ferme-pedagogique-a-orchies\/","title":{"rendered":"D\u00e9couvrez Museaux et Sabots : une micro ferme p\u00e9dagogique \u00e0 Orchies pleine de vie"},"content":{"rendered":"<h2 style=\"text-align: justify;\" data-start=\"298\" data-end=\"347\">Une micro ferme p\u00e9dagogique<\/h2>\n<p style=\"text-align: justify;\" data-start=\"349\" data-end=\"647\">Situ\u00e9e \u00e0 Orchies, entre Lille et Valenciennes, <em data-start=\"396\" data-end=\"415\">Museaux et Sabots<\/em> est une micro ferme p\u00e9dagogique qui respire l\u2019authenticit\u00e9. Pens\u00e9e comme un lieu de partage, cette petite ferme familiale accueille petits et grands pour des moments riches en d\u00e9couvertes, en lien avec les animaux et la nature.<\/p>\n<p style=\"text-align: justify;\" data-start=\"649\" data-end=\"974\">Ici, pas de grande exploitation: tout est \u00e0 taille humaine. Chaque animal a sa personnalit\u00e9, et tous participent \u00e0 faire de <em data-start=\"903\" data-end=\"922\">Museaux et Sabots<\/em> une micro ferme \u00e0 Orchies.<\/p>\n<h2 style=\"text-align: justify;\" data-start=\"976\" data-end=\"1009\">Des activit\u00e9s autour du vivant<\/h2>\n<p style=\"text-align: justify;\" data-start=\"1011\" data-end=\"1294\">\u00c0 <em data-start=\"1013\" data-end=\"1032\">Museaux et Sabots<\/em>, on prend le temps. Le temps de nourrir, de caresser, d\u2019observer, de cr\u00e9er du lien. La ferme propose des animations de m\u00e9diation animale pour les enfants, les seniors, les personnes en situation de handicap, les \u00e9tablissements scolaires ou encore les familles.<\/p>\n<p style=\"text-align: justify;\" data-start=\"1296\" data-end=\"1514\">Les visiteurs peuvent aussi participer \u00e0 des ateliers nature, des balades accompagn\u00e9es ou des d\u00e9couvertes sensorielles au rythme des animaux. Chaque activit\u00e9 est pens\u00e9e avec douceur, bienveillance et respect du vivant.<\/p>\n<h2 style=\"text-align: justify;\" data-start=\"1516\" data-end=\"1547\">Un lieu engag\u00e9 et accessible<\/h2>\n<p style=\"text-align: justify;\" data-start=\"1549\" data-end=\"1758\"><a href=\"https:\/\/www.museauxetsabots.fr\/index.php\/contact\/\" target=\"_blank\" rel=\"noopener\"><em data-start=\"1549\" data-end=\"1568\">Museaux et Sabots<\/em> <\/a>s\u2019inscrit dans une d\u00e9marche responsable et inclusive. La micro ferme favorise le lien social, sensibilise \u00e0 l\u2019environnement et contribue au bien-\u00eatre des personnes par le contact animalier.<\/p>\n<p style=\"text-align: justify;\" data-start=\"1760\" data-end=\"2001\">Accessible sur <a href=\"https:\/\/www.helloasso.com\/associations\/museaux-et-sabots\" target=\"_blank\" rel=\"noopener\">rendez-vous<\/a>, la ferme se veut un lieu simple, chaleureux et accueillant pour tous.<\/p>\n<div id='gallery-1' class='gallery galleryid-1630 gallery-columns-3 gallery-size-large'><figure class='gallery-item'>\n\t\t\t<div class='gallery-icon portrait'>\n\t\t\t\t<img loading=\"lazy\" decoding=\"async\" width=\"768\" height=\"1024\" src=\"https:\/\/www.museauxetsabots.fr\/wp-content\/uploads\/2025\/07\/IMG_5840-768x1024.jpeg\" class=\"attachment-large size-large\" alt=\"\" srcset=\"https:\/\/www.museauxetsabots.fr\/wp-content\/uploads\/2025\/07\/IMG_5840-768x1024.jpeg 768w, https:\/\/www.museauxetsabots.fr\/wp-content\/uploads\/2025\/07\/IMG_5840-225x300.jpeg 225w, https:\/\/www.museauxetsabots.fr\/wp-content\/uploads\/2025\/07\/IMG_5840-1152x1536.jpeg 1152w, https:\/\/www.museauxetsabots.fr\/wp-content\/uploads\/2025\/07\/IMG_5840-1536x2048.jpeg 1536w, https:\/\/www.museauxetsabots.fr\/wp-content\/uploads\/2025\/07\/IMG_5840-scaled.jpeg 1920w\" sizes=\"auto, (max-width: 768px) 100vw, 768px\" \/>\n\t\t\t<\/div><\/figure><figure class='gallery-item'>\n\t\t\t<div class='gallery-icon portrait'>\n\t\t\t\t<img loading=\"lazy\" decoding=\"async\" width=\"768\" height=\"1024\" src=\"https:\/\/www.museauxetsabots.fr\/wp-content\/uploads\/2025\/07\/IMG_5652-768x1024.jpeg\" class=\"attachment-large size-large\" alt=\"\" srcset=\"https:\/\/www.museauxetsabots.fr\/wp-content\/uploads\/2025\/07\/IMG_5652-768x1024.jpeg 768w, https:\/\/www.museauxetsabots.fr\/wp-content\/uploads\/2025\/07\/IMG_5652-225x300.jpeg 225w, https:\/\/www.museauxetsabots.fr\/wp-content\/uploads\/2025\/07\/IMG_5652-1152x1536.jpeg 1152w, https:\/\/www.museauxetsabots.fr\/wp-content\/uploads\/2025\/07\/IMG_5652-1536x2048.jpeg 1536w, https:\/\/www.museauxetsabots.fr\/wp-content\/uploads\/2025\/07\/IMG_5652-scaled.jpeg 1920w\" sizes=\"auto, (max-width: 768px) 100vw, 768px\" \/>\n\t\t\t<\/div><\/figure><figure class='gallery-item'>\n\t\t\t<div class='gallery-icon portrait'>\n\t\t\t\t<img loading=\"lazy\" decoding=\"async\" width=\"768\" height=\"1024\" src=\"https:\/\/www.museauxetsabots.fr\/wp-content\/uploads\/2025\/07\/IMG_5836-768x1024.jpeg\" class=\"attachment-large size-large\" alt=\"\" srcset=\"https:\/\/www.museauxetsabots.fr\/wp-content\/uploads\/2025\/07\/IMG_5836-768x1024.jpeg 768w, https:\/\/www.museauxetsabots.fr\/wp-content\/uploads\/2025\/07\/IMG_5836-225x300.jpeg 225w, https:\/\/www.museauxetsabots.fr\/wp-content\/uploads\/2025\/07\/IMG_5836-1152x1536.jpeg 1152w, https:\/\/www.museauxetsabots.fr\/wp-content\/uploads\/2025\/07\/IMG_5836-1536x2048.jpeg 1536w, https:\/\/www.museauxetsabots.fr\/wp-content\/uploads\/2025\/07\/IMG_5836-scaled.jpeg 1920w\" sizes=\"auto, (max-width: 768px) 100vw, 768px\" \/>\n\t\t\t<\/div><\/figure><figure class='gallery-item'>\n\t\t\t<div class='gallery-icon portrait'>\n\t\t\t\t<img loading=\"lazy\" decoding=\"async\" width=\"768\" height=\"1024\" src=\"https:\/\/www.museauxetsabots.fr\/wp-content\/uploads\/2025\/07\/IMG_5644-768x1024.jpeg\" class=\"attachment-large size-large\" alt=\"\" srcset=\"https:\/\/www.museauxetsabots.fr\/wp-content\/uploads\/2025\/07\/IMG_5644-768x1024.jpeg 768w, https:\/\/www.museauxetsabots.fr\/wp-content\/uploads\/2025\/07\/IMG_5644-225x300.jpeg 225w, https:\/\/www.museauxetsabots.fr\/wp-content\/uploads\/2025\/07\/IMG_5644-1152x1536.jpeg 1152w, https:\/\/www.museauxetsabots.fr\/wp-content\/uploads\/2025\/07\/IMG_5644-1536x2048.jpeg 1536w, https:\/\/www.museauxetsabots.fr\/wp-content\/uploads\/2025\/07\/IMG_5644-scaled.jpeg 1920w\" sizes=\"auto, (max-width: 768px) 100vw, 768px\" \/>\n\t\t\t<\/div><\/figure><figure class='gallery-item'>\n\t\t\t<div class='gallery-icon portrait'>\n\t\t\t\t<img loading=\"lazy\" decoding=\"async\" width=\"768\" height=\"1024\" src=\"https:\/\/www.museauxetsabots.fr\/wp-content\/uploads\/2025\/07\/IMG_5633-768x1024.jpeg\" class=\"attachment-large size-large\" alt=\"\" srcset=\"https:\/\/www.museauxetsabots.fr\/wp-content\/uploads\/2025\/07\/IMG_5633-768x1024.jpeg 768w, https:\/\/www.museauxetsabots.fr\/wp-content\/uploads\/2025\/07\/IMG_5633-225x300.jpeg 225w, https:\/\/www.museauxetsabots.fr\/wp-content\/uploads\/2025\/07\/IMG_5633-1152x1536.jpeg 1152w, https:\/\/www.museauxetsabots.fr\/wp-content\/uploads\/2025\/07\/IMG_5633-1536x2048.jpeg 1536w, https:\/\/www.museauxetsabots.fr\/wp-content\/uploads\/2025\/07\/IMG_5633-scaled.jpeg 1920w\" sizes=\"auto, (max-width: 768px) 100vw, 768px\" \/>\n\t\t\t<\/div><\/figure><figure class='gallery-item'>\n\t\t\t<div class='gallery-icon landscape'>\n\t\t\t\t<img loading=\"lazy\" decoding=\"async\" width=\"960\" height=\"720\" src=\"https:\/\/www.museauxetsabots.fr\/wp-content\/uploads\/2025\/07\/IMG_5495-1024x768.jpeg\" class=\"attachment-large size-large\" alt=\"\" srcset=\"https:\/\/www.museauxetsabots.fr\/wp-content\/uploads\/2025\/07\/IMG_5495-1024x768.jpeg 1024w, https:\/\/www.museauxetsabots.fr\/wp-content\/uploads\/2025\/07\/IMG_5495-300x225.jpeg 300w, https:\/\/www.museauxetsabots.fr\/wp-content\/uploads\/2025\/07\/IMG_5495-768x576.jpeg 768w, https:\/\/www.museauxetsabots.fr\/wp-content\/uploads\/2025\/07\/IMG_5495-1536x1152.jpeg 1536w, https:\/\/www.museauxetsabots.fr\/wp-content\/uploads\/2025\/07\/IMG_5495-2048x1536.jpeg 2048w\" sizes=\"auto, (max-width: 960px) 100vw, 960px\" \/>\n\t\t\t<\/div><\/figure><figure class='gallery-item'>\n\t\t\t<div class='gallery-icon portrait'>\n\t\t\t\t<img loading=\"lazy\" decoding=\"async\" width=\"821\" height=\"1024\" src=\"https:\/\/www.museauxetsabots.fr\/wp-content\/uploads\/2025\/07\/2B4C066C-3F34-411B-BE41-0E4E68823D7D-821x1024.jpeg\" class=\"attachment-large size-large\" alt=\"Mini-ferme p\u00e9dagogique Museaux et Sabots, lieu de vie des animaux\" srcset=\"https:\/\/www.museauxetsabots.fr\/wp-content\/uploads\/2025\/07\/2B4C066C-3F34-411B-BE41-0E4E68823D7D-821x1024.jpeg 821w, https:\/\/www.museauxetsabots.fr\/wp-content\/uploads\/2025\/07\/2B4C066C-3F34-411B-BE41-0E4E68823D7D-241x300.jpeg 241w, https:\/\/www.museauxetsabots.fr\/wp-content\/uploads\/2025\/07\/2B4C066C-3F34-411B-BE41-0E4E68823D7D-768x958.jpeg 768w, https:\/\/www.museauxetsabots.fr\/wp-content\/uploads\/2025\/07\/2B4C066C-3F34-411B-BE41-0E4E68823D7D-1232x1536.jpeg 1232w, https:\/\/www.museauxetsabots.fr\/wp-content\/uploads\/2025\/07\/2B4C066C-3F34-411B-BE41-0E4E68823D7D.jpeg 1440w\" sizes=\"auto, (max-width: 821px) 100vw, 821px\" \/>\n\t\t\t<\/div><\/figure><figure class='gallery-item'>\n\t\t\t<div class='gallery-icon portrait'>\n\t\t\t\t<img loading=\"lazy\" decoding=\"async\" width=\"768\" height=\"1024\" src=\"https:\/\/www.museauxetsabots.fr\/wp-content\/uploads\/2025\/07\/IMG_5827-768x1024.jpeg\" class=\"attachment-large size-large\" alt=\"\" srcset=\"https:\/\/www.museauxetsabots.fr\/wp-content\/uploads\/2025\/07\/IMG_5827-768x1024.jpeg 768w, https:\/\/www.museauxetsabots.fr\/wp-content\/uploads\/2025\/07\/IMG_5827-225x300.jpeg 225w, https:\/\/www.museauxetsabots.fr\/wp-content\/uploads\/2025\/07\/IMG_5827-1152x1536.jpeg 1152w, https:\/\/www.museauxetsabots.fr\/wp-content\/uploads\/2025\/07\/IMG_5827-1536x2048.jpeg 1536w, https:\/\/www.museauxetsabots.fr\/wp-content\/uploads\/2025\/07\/IMG_5827-scaled.jpeg 1920w\" sizes=\"auto, (max-width: 768px) 100vw, 768px\" \/>\n\t\t\t<\/div><\/figure><figure class='gallery-item'>\n\t\t\t<div class='gallery-icon portrait'>\n\t\t\t\t<img loading=\"lazy\" decoding=\"async\" width=\"768\" height=\"1024\" src=\"https:\/\/www.museauxetsabots.fr\/wp-content\/uploads\/2025\/07\/IMG_5191-1-768x1024.jpeg\" class=\"attachment-large size-large\" alt=\"Ferme p\u00e9dagogique \u00e0 Orchies\" srcset=\"https:\/\/www.museauxetsabots.fr\/wp-content\/uploads\/2025\/07\/IMG_5191-1-768x1024.jpeg 768w, https:\/\/www.museauxetsabots.fr\/wp-content\/uploads\/2025\/07\/IMG_5191-1-225x300.jpeg 225w, https:\/\/www.museauxetsabots.fr\/wp-content\/uploads\/2025\/07\/IMG_5191-1-1152x1536.jpeg 1152w, https:\/\/www.museauxetsabots.fr\/wp-content\/uploads\/2025\/07\/IMG_5191-1-1536x2048.jpeg 1536w, https:\/\/www.museauxetsabots.fr\/wp-content\/uploads\/2025\/07\/IMG_5191-1-scaled.jpeg 1920w\" sizes=\"auto, (max-width: 768px) 100vw, 768px\" \/>\n\t\t\t<\/div><\/figure>\n\t\t<\/div>\n\n","protected":false},"excerpt":{"rendered":"<p>Une micro ferme p\u00e9dagogique Situ\u00e9e \u00e0 Orchies, entre Lille et Valenciennes, Museaux et Sabots est une micro ferme p\u00e9dagogique qui respire l\u2019authenticit\u00e9. Pens\u00e9e comme un lieu de partage, cette petite ferme familiale accueille petits et grands pour des moments riches en d\u00e9couvertes, en lien avec les animaux et la nature. Ici, pas de grande exploitation: tout est \u00e0 taille humaine. Chaque animal a sa personnalit\u00e9, et tous participent \u00e0 faire de Museaux et Sabots une micro ferme \u00e0 Orchies. Des activit\u00e9s autour du vivant \u00c0 Museaux et Sabots, on prend le temps. Le temps de nourrir, de caresser, d\u2019observer, de cr\u00e9er du lien. La ferme propose des animations de m\u00e9diation animale pour les enfants, les seniors, les personnes en situation de handicap, les \u00e9tablissements scolaires ou encore les familles. Les visiteurs peuvent aussi participer \u00e0 des ateliers nature, des balades accompagn\u00e9es ou des d\u00e9couvertes sensorielles au rythme des animaux. Chaque activit\u00e9 est pens\u00e9e avec douceur, bienveillance et respect du vivant. Un lieu engag\u00e9 et accessible Museaux et Sabots s\u2019inscrit dans une d\u00e9marche responsable et inclusive. La micro ferme favorise le lien social, sensibilise \u00e0 l\u2019environnement et contribue au bien-\u00eatre des personnes par le contact animalier. Accessible sur rendez-vous, la ferme se veut un lieu simple, chaleureux et accueillant pour tous.<\/p>\n","protected":false},"author":1,"featured_media":0,"parent":0,"menu_order":0,"comment_status":"closed","ping_status":"closed","template":"","meta":{"iawp_total_views":2,"footnotes":""},"class_list":["post-1630","page","type-page","status-publish","hentry"],"yoast_head":"<!-- This site is optimized with the Yoast SEO plugin v27.3 - https:\/\/yoast.com\/product\/yoast-seo-wordpress\/ -->\n<title>Micro ferme p\u00e9dagogique<\/title>\n<meta name=\"description\" content=\"D\u00e9couvrez Museaux et Sabots, une micro ferme p\u00e9dagogique \u00e0 Orchies chaleureuse et familiale, o\u00f9 animaux, nature au c\u0153ur de chaque visite.\" \/>\n<meta name=\"robots\" content=\"index, follow, max-snippet:-1, max-image-preview:large, max-video-preview:-1\" \/>\n<link rel=\"canonical\" href=\"https:\/\/www.museauxetsabots.fr\/index.php\/decouvrez-museaux-et-sabots-une-micro-ferme-pedagogique-a-orchies\/\" \/>\n<meta property=\"og:locale\" content=\"fr_FR\" \/>\n<meta property=\"og:type\" content=\"article\" \/>\n<meta property=\"og:title\" content=\"Micro ferme p\u00e9dagogique\" \/>\n<meta property=\"og:description\" content=\"D\u00e9couvrez Museaux et Sabots, une micro ferme p\u00e9dagogique \u00e0 Orchies chaleureuse et familiale, o\u00f9 animaux, nature au c\u0153ur de chaque visite.\" \/>\n<meta property=\"og:url\" content=\"https:\/\/www.museauxetsabots.fr\/index.php\/decouvrez-museaux-et-sabots-une-micro-ferme-pedagogique-a-orchies\/\" \/>\n<meta property=\"article:publisher\" content=\"https:\/\/www.facebook.com\/Museauxetsabots\" \/>\n<meta property=\"article:modified_time\" content=\"2025-12-01T20:24:48+00:00\" \/>\n<meta property=\"og:image\" content=\"https:\/\/www.museauxetsabots.fr\/wp-content\/uploads\/2025\/07\/IMG_5840-768x1024.jpeg\" \/>\n<meta name=\"twitter:card\" content=\"summary_large_image\" \/>\n<meta name=\"twitter:label1\" content=\"Dur\u00e9e de lecture estim\u00e9e\" \/>\n\t<meta name=\"twitter:data1\" content=\"2 minutes\" \/>\n<script type=\"application\/ld+json\" class=\"yoast-schema-graph\">{\"@context\":\"https:\\\/\\\/schema.org\",\"@graph\":[{\"@type\":\"WebPage\",\"@id\":\"https:\\\/\\\/www.museauxetsabots.fr\\\/index.php\\\/decouvrez-museaux-et-sabots-une-micro-ferme-pedagogique-a-orchies\\\/\",\"url\":\"https:\\\/\\\/www.museauxetsabots.fr\\\/index.php\\\/decouvrez-museaux-et-sabots-une-micro-ferme-pedagogique-a-orchies\\\/\",\"name\":\"Micro ferme p\u00e9dagogique\",\"isPartOf\":{\"@id\":\"https:\\\/\\\/www.museauxetsabots.fr\\\/#website\"},\"datePublished\":\"2025-07-01T20:03:12+00:00\",\"dateModified\":\"2025-12-01T20:24:48+00:00\",\"description\":\"D\u00e9couvrez Museaux et Sabots, une micro ferme p\u00e9dagogique \u00e0 Orchies chaleureuse et familiale, o\u00f9 animaux, nature au c\u0153ur de chaque visite.\",\"breadcrumb\":{\"@id\":\"https:\\\/\\\/www.museauxetsabots.fr\\\/index.php\\\/decouvrez-museaux-et-sabots-une-micro-ferme-pedagogique-a-orchies\\\/#breadcrumb\"},\"inLanguage\":\"fr-FR\",\"potentialAction\":[{\"@type\":\"ReadAction\",\"target\":[\"https:\\\/\\\/www.museauxetsabots.fr\\\/index.php\\\/decouvrez-museaux-et-sabots-une-micro-ferme-pedagogique-a-orchies\\\/\"]}]},{\"@type\":\"BreadcrumbList\",\"@id\":\"https:\\\/\\\/www.museauxetsabots.fr\\\/index.php\\\/decouvrez-museaux-et-sabots-une-micro-ferme-pedagogique-a-orchies\\\/#breadcrumb\",\"itemListElement\":[{\"@type\":\"ListItem\",\"position\":1,\"name\":\"Accueil\",\"item\":\"https:\\\/\\\/www.museauxetsabots.fr\\\/\"},{\"@type\":\"ListItem\",\"position\":2,\"name\":\"D\u00e9couvrez Museaux et Sabots : une micro ferme p\u00e9dagogique \u00e0 Orchies pleine de vie\"}]},{\"@type\":\"WebSite\",\"@id\":\"https:\\\/\\\/www.museauxetsabots.fr\\\/#website\",\"url\":\"https:\\\/\\\/www.museauxetsabots.fr\\\/\",\"name\":\"Ahora-sophro\",\"description\":\"\",\"publisher\":{\"@id\":\"https:\\\/\\\/www.museauxetsabots.fr\\\/#\\\/schema\\\/person\\\/630178c3bdea9ed9542d1ea7831a3893\"},\"potentialAction\":[{\"@type\":\"SearchAction\",\"target\":{\"@type\":\"EntryPoint\",\"urlTemplate\":\"https:\\\/\\\/www.museauxetsabots.fr\\\/?s={search_term_string}\"},\"query-input\":{\"@type\":\"PropertyValueSpecification\",\"valueRequired\":true,\"valueName\":\"search_term_string\"}}],\"inLanguage\":\"fr-FR\"},{\"@type\":[\"Person\",\"Organization\"],\"@id\":\"https:\\\/\\\/www.museauxetsabots.fr\\\/#\\\/schema\\\/person\\\/630178c3bdea9ed9542d1ea7831a3893\",\"name\":\"Museaux et Sabots\",\"image\":{\"@type\":\"ImageObject\",\"inLanguage\":\"fr-FR\",\"@id\":\"https:\\\/\\\/ahora-sophro.com\\\/wp-content\\\/uploads\\\/2024\\\/03\\\/Canin-Equin.png\",\"url\":\"https:\\\/\\\/ahora-sophro.com\\\/wp-content\\\/uploads\\\/2024\\\/03\\\/Canin-Equin.png\",\"contentUrl\":\"https:\\\/\\\/ahora-sophro.com\\\/wp-content\\\/uploads\\\/2024\\\/03\\\/Canin-Equin.png\",\"width\":500,\"height\":500,\"caption\":\"Museaux et Sabots\"},\"logo\":{\"@id\":\"https:\\\/\\\/ahora-sophro.com\\\/wp-content\\\/uploads\\\/2024\\\/03\\\/Canin-Equin.png\"},\"sameAs\":[\"https:\\\/\\\/www.museauxetsabots.fr\",\"https:\\\/\\\/www.facebook.com\\\/Museauxetsabots\",\"https:\\\/\\\/www.instagram.com\\\/museaux_et_sabots\\\/\"]}]}<\/script>\n<!-- \/ Yoast SEO plugin. -->","yoast_head_json":{"title":"Micro ferme p\u00e9dagogique","description":"D\u00e9couvrez Museaux et Sabots, une micro ferme p\u00e9dagogique \u00e0 Orchies chaleureuse et familiale, o\u00f9 animaux, nature au c\u0153ur de chaque visite.","robots":{"index":"index","follow":"follow","max-snippet":"max-snippet:-1","max-image-preview":"max-image-preview:large","max-video-preview":"max-video-preview:-1"},"canonical":"https:\/\/www.museauxetsabots.fr\/index.php\/decouvrez-museaux-et-sabots-une-micro-ferme-pedagogique-a-orchies\/","og_locale":"fr_FR","og_type":"article","og_title":"Micro ferme p\u00e9dagogique","og_description":"D\u00e9couvrez Museaux et Sabots, une micro ferme p\u00e9dagogique \u00e0 Orchies chaleureuse et familiale, o\u00f9 animaux, nature au c\u0153ur de chaque visite.","og_url":"https:\/\/www.museauxetsabots.fr\/index.php\/decouvrez-museaux-et-sabots-une-micro-ferme-pedagogique-a-orchies\/","article_publisher":"https:\/\/www.facebook.com\/Museauxetsabots","article_modified_time":"2025-12-01T20:24:48+00:00","og_image":[{"url":"https:\/\/www.museauxetsabots.fr\/wp-content\/uploads\/2025\/07\/IMG_5840-768x1024.jpeg","type":"","width":"","height":""}],"twitter_card":"summary_large_image","twitter_misc":{"Dur\u00e9e de lecture estim\u00e9e":"2 minutes"},"schema":{"@context":"https:\/\/schema.org","@graph":[{"@type":"WebPage","@id":"https:\/\/www.museauxetsabots.fr\/index.php\/decouvrez-museaux-et-sabots-une-micro-ferme-pedagogique-a-orchies\/","url":"https:\/\/www.museauxetsabots.fr\/index.php\/decouvrez-museaux-et-sabots-une-micro-ferme-pedagogique-a-orchies\/","name":"Micro ferme p\u00e9dagogique","isPartOf":{"@id":"https:\/\/www.museauxetsabots.fr\/#website"},"datePublished":"2025-07-01T20:03:12+00:00","dateModified":"2025-12-01T20:24:48+00:00","description":"D\u00e9couvrez Museaux et Sabots, une micro ferme p\u00e9dagogique \u00e0 Orchies chaleureuse et familiale, o\u00f9 animaux, nature au c\u0153ur de chaque visite.","breadcrumb":{"@id":"https:\/\/www.museauxetsabots.fr\/index.php\/decouvrez-museaux-et-sabots-une-micro-ferme-pedagogique-a-orchies\/#breadcrumb"},"inLanguage":"fr-FR","potentialAction":[{"@type":"ReadAction","target":["https:\/\/www.museauxetsabots.fr\/index.php\/decouvrez-museaux-et-sabots-une-micro-ferme-pedagogique-a-orchies\/"]}]},{"@type":"BreadcrumbList","@id":"https:\/\/www.museauxetsabots.fr\/index.php\/decouvrez-museaux-et-sabots-une-micro-ferme-pedagogique-a-orchies\/#breadcrumb","itemListElement":[{"@type":"ListItem","position":1,"name":"Accueil","item":"https:\/\/www.museauxetsabots.fr\/"},{"@type":"ListItem","position":2,"name":"D\u00e9couvrez Museaux et Sabots : une micro ferme p\u00e9dagogique \u00e0 Orchies pleine de vie"}]},{"@type":"WebSite","@id":"https:\/\/www.museauxetsabots.fr\/#website","url":"https:\/\/www.museauxetsabots.fr\/","name":"Ahora-sophro","description":"","publisher":{"@id":"https:\/\/www.museauxetsabots.fr\/#\/schema\/person\/630178c3bdea9ed9542d1ea7831a3893"},"potentialAction":[{"@type":"SearchAction","target":{"@type":"EntryPoint","urlTemplate":"https:\/\/www.museauxetsabots.fr\/?s={search_term_string}"},"query-input":{"@type":"PropertyValueSpecification","valueRequired":true,"valueName":"search_term_string"}}],"inLanguage":"fr-FR"},{"@type":["Person","Organization"],"@id":"https:\/\/www.museauxetsabots.fr\/#\/schema\/person\/630178c3bdea9ed9542d1ea7831a3893","name":"Museaux et Sabots","image":{"@type":"ImageObject","inLanguage":"fr-FR","@id":"https:\/\/ahora-sophro.com\/wp-content\/uploads\/2024\/03\/Canin-Equin.png","url":"https:\/\/ahora-sophro.com\/wp-content\/uploads\/2024\/03\/Canin-Equin.png","contentUrl":"https:\/\/ahora-sophro.com\/wp-content\/uploads\/2024\/03\/Canin-Equin.png","width":500,"height":500,"caption":"Museaux et Sabots"},"logo":{"@id":"https:\/\/ahora-sophro.com\/wp-content\/uploads\/2024\/03\/Canin-Equin.png"},"sameAs":["https:\/\/www.museauxetsabots.fr","https:\/\/www.facebook.com\/Museauxetsabots","https:\/\/www.instagram.com\/museaux_et_sabots\/"]}]}},"_links":{"self":[{"href":"https:\/\/www.museauxetsabots.fr\/index.php\/wp-json\/wp\/v2\/pages\/1630","targetHints":{"allow":["GET"]}}],"collection":[{"href":"https:\/\/www.museauxetsabots.fr\/index.php\/wp-json\/wp\/v2\/pages"}],"about":[{"href":"https:\/\/www.museauxetsabots.fr\/index.php\/wp-json\/wp\/v2\/types\/page"}],"author":[{"embeddable":true,"href":"https:\/\/www.museauxetsabots.fr\/index.php\/wp-json\/wp\/v2\/users\/1"}],"replies":[{"embeddable":true,"href":"https:\/\/www.museauxetsabots.fr\/index.php\/wp-json\/wp\/v2\/comments?post=1630"}],"version-history":[{"count":3,"href":"https:\/\/www.museauxetsabots.fr\/index.php\/wp-json\/wp\/v2\/pages\/1630\/revisions"}],"predecessor-version":[{"id":1828,"href":"https:\/\/www.museauxetsabots.fr\/index.php\/wp-json\/wp\/v2\/pages\/1630\/revisions\/1828"}],"wp:attachment":[{"href":"https:\/\/www.museauxetsabots.fr\/index.php\/wp-json\/wp\/v2\/media?parent=1630"}],"curies":[{"name":"wp","href":"https:\/\/api.w.org\/{rel}","templated":true}]}}