{"id":5,"date":"2021-10-29T08:15:42","date_gmt":"2021-10-29T08:15:42","guid":{"rendered":"https:\/\/demo.athemes.com\/sydney-main\/?page_id=5"},"modified":"2026-03-08T21:33:49","modified_gmt":"2026-03-08T20:33:49","slug":"mediation-assistee-par-lanimal","status":"publish","type":"page","link":"https:\/\/www.museauxetsabots.fr\/","title":{"rendered":"Museaux et Sabots &#8211; M\u00e9diation animale et Ateliers P\u00e9dagogiques pr\u00e8s de Lille"},"content":{"rendered":"<h1 style=\"text-align: center;\">Bienvenue chez <strong>Museaux et Sabots<\/strong><\/h1>\n<p>&nbsp;<\/p>\n<h2 style=\"text-align: justify;\" data-start=\"521\" data-end=\"582\">Association de m\u00e9diation animale dans le Nord bas\u00e9e \u00e0 Orchies, pr\u00e8s de Lille<\/h2>\n<p style=\"text-align: justify;\" data-start=\"584\" data-end=\"753\"><strong data-start=\"584\" data-end=\"605\">Museaux et Sabots<\/strong> est une <strong data-start=\"614\" data-end=\"690\">association sp\u00e9cialis\u00e9e en m\u00e9diation animale et en ateliers p\u00e9dagogiques<\/strong>, bas\u00e9e \u00e0 <strong data-start=\"700\" data-end=\"711\">Orchies<\/strong>, pr\u00e8s de <strong data-start=\"743\" data-end=\"752\">Lille<\/strong>.<\/p>\n<p style=\"text-align: justify;\" data-start=\"755\" data-end=\"939\">Notre mission est de <strong data-start=\"776\" data-end=\"839\">favoriser le bien-\u00eatre, l\u2019apprentissage et l\u2019\u00e9panouissement<\/strong> des personnes accompagn\u00e9es gr\u00e2ce au contact respectueux et encadr\u00e9 avec nos <strong data-start=\"916\" data-end=\"938\">animaux m\u00e9diateurs<\/strong>.<\/p>\n<p style=\"text-align: justify;\" data-start=\"941\" data-end=\"1109\">Nous accompagnons <strong data-start=\"959\" data-end=\"990\">enfants, adultes et seniors<\/strong>, y compris les <strong data-start=\"1006\" data-end=\"1044\">personnes en situation de handicap<\/strong>, en <strong data-start=\"1049\" data-end=\"1070\">perte d\u2019autonomie<\/strong> ou pr\u00e9sentant des besoins sp\u00e9cifiques.<\/p>\n<p style=\"text-align: justify;\" data-start=\"1111\" data-end=\"1336\">Nos <strong data-start=\"1115\" data-end=\"1179\">poneys, lapins, ch\u00e8vres, cochons d\u2019Inde et chiens m\u00e9diateurs<\/strong> sont au c\u0153ur de nos interventions. Ils apportent r\u00e9confort, stimulation sensorielle, plaisir et apaisement, tout en favorisant le lien social et \u00e9motionnel.<\/p>\n<p style=\"text-align: justify;\" data-start=\"1338\" data-end=\"1379\">Nous intervenons dans diff\u00e9rents cadres :<\/p>\n<ul style=\"text-align: justify;\" data-start=\"1380\" data-end=\"1526\">\n<li data-start=\"1380\" data-end=\"1391\">\n<p data-start=\"1382\" data-end=\"1391\"><strong data-start=\"1382\" data-end=\"1391\">EHPAD<\/strong><\/p>\n<\/li>\n<li data-start=\"1392\" data-end=\"1401\">\n<p data-start=\"1394\" data-end=\"1401\"><strong data-start=\"1394\" data-end=\"1401\">IME<\/strong><\/p>\n<\/li>\n<li data-start=\"1402\" data-end=\"1433\">\n<p data-start=\"1404\" data-end=\"1433\"><strong data-start=\"1404\" data-end=\"1433\">MAS et foyers m\u00e9dicalis\u00e9s<\/strong><\/p>\n<\/li>\n<li data-start=\"1434\" data-end=\"1457\">\n<p data-start=\"1436\" data-end=\"1457\"><strong data-start=\"1436\" data-end=\"1457\">\u00c9coles et cr\u00e8ches<\/strong><\/p>\n<\/li>\n<li data-start=\"1458\" data-end=\"1487\">\n<p data-start=\"1460\" data-end=\"1487\"><strong data-start=\"1460\" data-end=\"1487\">Structures sp\u00e9cialis\u00e9es<\/strong><\/p>\n<\/li>\n<li data-start=\"1488\" data-end=\"1526\">\n<p data-start=\"1490\" data-end=\"1526\"><strong data-start=\"1490\" data-end=\"1526\">Ateliers ouverts au grand public<\/strong><\/p>\n<\/li>\n<\/ul>\n<hr \/>\n<h2 style=\"text-align: justify;\" data-start=\"1533\" data-end=\"1587\">Une association sp\u00e9cialis\u00e9e en m\u00e9diation animale dans les Hauts-de-France<\/h2>\n<p style=\"text-align: justify;\" data-start=\"1589\" data-end=\"1724\">La m\u00e9diation animale permet d\u2019accompagner les publics de mani\u00e8re douce, ludique et adapt\u00e9e.<br data-start=\"1680\" data-end=\"1683\" \/>\u00c0 travers nos s\u00e9ances, nous cherchons \u00e0 :<\/p>\n<ul style=\"text-align: justify;\" data-start=\"1726\" data-end=\"2226\">\n<li data-start=\"1726\" data-end=\"1821\">\n<p data-start=\"1728\" data-end=\"1821\">Favoriser le <strong data-start=\"1741\" data-end=\"1765\">bien-\u00eatre \u00e9motionnel<\/strong> et la d\u00e9tente gr\u00e2ce aux interactions avec les animaux<\/p>\n<\/li>\n<li data-start=\"1822\" data-end=\"1923\">\n<p data-start=\"1824\" data-end=\"1923\">Encourager la <strong data-start=\"1838\" data-end=\"1851\">motricit\u00e9<\/strong> et l\u2019<strong data-start=\"1857\" data-end=\"1870\">autonomie<\/strong> par des activit\u00e9s adapt\u00e9es aux capacit\u00e9s de chacun<\/p>\n<\/li>\n<li data-start=\"1924\" data-end=\"2032\">\n<p data-start=\"1926\" data-end=\"2032\">Stimuler la <strong data-start=\"1938\" data-end=\"1949\">m\u00e9moire<\/strong>, l\u2019attention et l\u2019<strong data-start=\"1968\" data-end=\"1987\">\u00e9veil sensoriel<\/strong> par le toucher, l\u2019observation et l\u2019\u00e9change<\/p>\n<\/li>\n<li data-start=\"2033\" data-end=\"2122\">\n<p data-start=\"2035\" data-end=\"2122\">Cr\u00e9er du <strong data-start=\"2044\" data-end=\"2074\">lien social et relationnel<\/strong> \u00e0 travers des moments de partage authentiques<\/p>\n<\/li>\n<li data-start=\"2123\" data-end=\"2226\">\n<p data-start=\"2125\" data-end=\"2226\">Proposer une <strong data-start=\"2138\" data-end=\"2170\">approche p\u00e9dagogique ludique<\/strong>, sensibilisant au respect des animaux et de la nature<\/p>\n<\/li>\n<\/ul>\n<p style=\"text-align: justify;\" data-start=\"2228\" data-end=\"2382\">Chaque s\u00e9ance de m\u00e9diation animale est pens\u00e9e en fonction du public, des objectifs et du rythme des participants, dans le respect du <strong data-start=\"2361\" data-end=\"2381\">bien-\u00eatre animal<\/strong>.<\/p>\n<hr \/>\n<h2 style=\"text-align: justify;\" data-start=\"3363\" data-end=\"3405\">Pourquoi choisir Museaux et Sabots ?<\/h2>\n<p style=\"text-align: justify;\" data-start=\"3407\" data-end=\"3851\"><strong data-start=\"3410\" data-end=\"3440\">Expertise et bienveillance<\/strong> : une approche personnalis\u00e9e, respectueuse et adapt\u00e9e \u00e0 chaque b\u00e9n\u00e9ficiaire<br data-start=\"3516\" data-end=\"3519\" \/><strong data-start=\"3522\" data-end=\"3547\">Des activit\u00e9s vari\u00e9es<\/strong> : p\u00e9dagogiques, sensorielles, motrices et ludiques<br data-start=\"3598\" data-end=\"3601\" \/><strong data-start=\"3604\" data-end=\"3643\">Des animaux m\u00e9diateurs s\u00e9lectionn\u00e9s<\/strong> pour leur douceur, leur \u00e9quilibre et leur capacit\u00e9 \u00e0 interagir en toute s\u00e9curit\u00e9<br data-start=\"3724\" data-end=\"3727\" \/><strong data-start=\"3730\" data-end=\"3760\">Une proximit\u00e9 g\u00e9ographique<\/strong> : bas\u00e9s \u00e0 Orchies, nous intervenons sur <strong data-start=\"3801\" data-end=\"3851\">la m\u00e9tropole lilloise, la P\u00e9v\u00e8le et le Hainaut<\/strong><\/p>\n<hr data-start=\"3853\" data-end=\"3856\" \/>\n<p style=\"text-align: justify;\" data-start=\"3858\" data-end=\"4066\">\ud83d\udcde <strong data-start=\"3861\" data-end=\"3959\">Vous souhaitez mettre en place des s\u00e9ances de m\u00e9diation animale<\/strong><br data-start=\"3959\" data-end=\"3962\" \/><a href=\"https:\/\/www.museauxetsabots.fr\/index.php\/contact\/\">Contactez-nous<\/a> d\u00e8s aujourd\u2019hui pour \u00e9changer sur votre projet ou retrouvez-nous sur nos <a href=\"https:\/\/linktr.ee\/museaux_et_sabots\" target=\"_blank\" rel=\"noopener\">r\u00e9seaux sociaux<\/a>.<\/p>\n<h4><\/h4>\n<blockquote>\n<h5 style=\"text-align: center;\"><span style=\"color: #ff99cc;\"><em>Ensemble, cr\u00e9ons des moments uniques !<\/em><\/span><\/h5>\n<\/blockquote>\n<h2 style=\"text-align: justify;\"><\/h2>\n<h2 style=\"text-align: justify;\"><img loading=\"lazy\" decoding=\"async\" class=\"aligncenter wp-image-1673 size-full\" src=\"https:\/\/www.museauxetsabots.fr\/wp-content\/uploads\/2025\/08\/Association-specialisee-en-Mediation-animale-Orchies.jpeg\" alt=\"La m\u00e9diation animale s'adresse \u00e0 tous les publics bas\u00e9e dans les Hauts-de-France\" width=\"1000\" height=\"667\" srcset=\"https:\/\/www.museauxetsabots.fr\/wp-content\/uploads\/2025\/08\/Association-specialisee-en-Mediation-animale-Orchies.jpeg 1000w, https:\/\/www.museauxetsabots.fr\/wp-content\/uploads\/2025\/08\/Association-specialisee-en-Mediation-animale-Orchies-300x200.jpeg 300w, https:\/\/www.museauxetsabots.fr\/wp-content\/uploads\/2025\/08\/Association-specialisee-en-Mediation-animale-Orchies-768x512.jpeg 768w\" sizes=\"auto, (max-width: 1000px) 100vw, 1000px\" \/><\/h2>\n<h2 style=\"text-align: justify;\"><\/h2>\n<p style=\"text-align: justify;\"><span style=\"color: #ffffff;\">La\u00a0<b>m\u00e9diation animale<\/b>\u00a0s&#8217;adresse \u00e0 tous les publics, quel que soit l&#8217;\u00e2ge ou la situation. Dans les\u00a0<b>Hauts-de-France.\u00a0<\/b><\/span><\/p>\n","protected":false},"excerpt":{"rendered":"<p>Bienvenue chez Museaux et Sabots &nbsp; Association de m\u00e9diation animale dans le Nord bas\u00e9e \u00e0 Orchies, pr\u00e8s de Lille Museaux et Sabots est une association sp\u00e9cialis\u00e9e en m\u00e9diation animale et en ateliers p\u00e9dagogiques, bas\u00e9e \u00e0 Orchies, pr\u00e8s de Lille. Notre mission est de favoriser le bien-\u00eatre, l\u2019apprentissage et l\u2019\u00e9panouissement des personnes accompagn\u00e9es gr\u00e2ce au contact respectueux et encadr\u00e9 avec nos animaux m\u00e9diateurs. Nous accompagnons enfants, adultes et seniors, y compris les personnes en situation de handicap, en perte d\u2019autonomie ou pr\u00e9sentant des besoins sp\u00e9cifiques. Nos poneys, lapins, ch\u00e8vres, cochons d\u2019Inde et chiens m\u00e9diateurs sont au c\u0153ur de nos interventions. Ils apportent r\u00e9confort, stimulation sensorielle, plaisir et apaisement, tout en favorisant le lien social et \u00e9motionnel. Nous intervenons dans diff\u00e9rents cadres : EHPAD IME MAS et foyers m\u00e9dicalis\u00e9s \u00c9coles et cr\u00e8ches Structures sp\u00e9cialis\u00e9es Ateliers ouverts au grand public Une association sp\u00e9cialis\u00e9e en m\u00e9diation animale dans les Hauts-de-France La m\u00e9diation animale permet d\u2019accompagner les publics de mani\u00e8re douce, ludique et adapt\u00e9e.\u00c0 travers nos s\u00e9ances, nous cherchons \u00e0 : Favoriser le bien-\u00eatre \u00e9motionnel et la d\u00e9tente gr\u00e2ce aux interactions avec les animaux Encourager la motricit\u00e9 et l\u2019autonomie par des activit\u00e9s adapt\u00e9es aux capacit\u00e9s de chacun Stimuler la m\u00e9moire, l\u2019attention et l\u2019\u00e9veil sensoriel par le toucher, l\u2019observation et l\u2019\u00e9change Cr\u00e9er du lien social et relationnel \u00e0 travers des moments de partage authentiques Proposer une approche p\u00e9dagogique ludique, sensibilisant au respect des animaux et de la nature Chaque s\u00e9ance de m\u00e9diation animale est pens\u00e9e en fonction du public, des objectifs et du rythme des participants, dans le respect du bien-\u00eatre animal. Pourquoi choisir Museaux et Sabots ? Expertise et bienveillance : une approche personnalis\u00e9e, respectueuse et adapt\u00e9e \u00e0 chaque b\u00e9n\u00e9ficiaireDes activit\u00e9s vari\u00e9es : p\u00e9dagogiques, sensorielles, motrices et ludiquesDes animaux m\u00e9diateurs s\u00e9lectionn\u00e9s pour leur douceur, leur \u00e9quilibre et leur capacit\u00e9 \u00e0 interagir en toute s\u00e9curit\u00e9Une proximit\u00e9 g\u00e9ographique : bas\u00e9s \u00e0 Orchies, nous intervenons sur la m\u00e9tropole lilloise, la P\u00e9v\u00e8le et le Hainaut \ud83d\udcde Vous souhaitez mettre en place des s\u00e9ances de m\u00e9diation animaleContactez-nous d\u00e8s aujourd\u2019hui pour \u00e9changer sur votre projet ou retrouvez-nous sur nos r\u00e9seaux sociaux. Ensemble, cr\u00e9ons des moments uniques ! La\u00a0m\u00e9diation animale\u00a0s&#8217;adresse \u00e0 tous les publics, quel que soit l&#8217;\u00e2ge ou la situation. Dans les\u00a0Hauts-de-France.\u00a0<\/p>\n","protected":false},"author":1,"featured_media":0,"parent":0,"menu_order":0,"comment_status":"closed","ping_status":"closed","template":"","meta":{"iawp_total_views":925,"footnotes":""},"class_list":["post-5","page","type-page","status-publish","hentry"],"yoast_head":"<!-- This site is optimized with the Yoast SEO plugin v27.3 - https:\/\/yoast.com\/product\/yoast-seo-wordpress\/ -->\n<title>Association sp\u00e9cialis\u00e9e en M\u00e9diation animale pr\u00e9s de Lille<\/title>\n<meta name=\"description\" content=\"D\u00e9couvrez notre association sp\u00e9cialis\u00e9e en m\u00e9diation animale et en ateliers p\u00e9dagogiques pr\u00e8s de Lille et ses environs\" \/>\n<meta name=\"robots\" content=\"index, follow, max-snippet:-1, max-image-preview:large, max-video-preview:-1\" \/>\n<link rel=\"canonical\" href=\"https:\/\/www.museauxetsabots.fr\/\" \/>\n<meta property=\"og:locale\" content=\"fr_FR\" \/>\n<meta property=\"og:type\" content=\"article\" \/>\n<meta property=\"og:title\" content=\"Association sp\u00e9cialis\u00e9e en M\u00e9diation animale pr\u00e9s de Lille\" \/>\n<meta property=\"og:description\" content=\"D\u00e9couvrez notre association sp\u00e9cialis\u00e9e en m\u00e9diation animale et en ateliers p\u00e9dagogiques pr\u00e8s de Lille et ses environs\" \/>\n<meta property=\"og:url\" content=\"https:\/\/www.museauxetsabots.fr\/\" \/>\n<meta property=\"article:publisher\" content=\"https:\/\/www.facebook.com\/Museauxetsabots\" \/>\n<meta property=\"article:modified_time\" content=\"2026-03-08T20:33:49+00:00\" \/>\n<meta property=\"og:image\" content=\"https:\/\/www.museauxetsabots.fr\/wp-content\/uploads\/2025\/08\/Association-specialisee-en-Mediation-animale-Orchies.jpeg\" \/>\n\t<meta property=\"og:image:width\" content=\"1000\" \/>\n\t<meta property=\"og:image:height\" content=\"667\" \/>\n\t<meta property=\"og:image:type\" content=\"image\/jpeg\" \/>\n<meta name=\"twitter:card\" content=\"summary_large_image\" \/>\n<meta name=\"twitter:label1\" content=\"Dur\u00e9e de lecture estim\u00e9e\" \/>\n\t<meta name=\"twitter:data1\" content=\"3 minutes\" \/>\n<script type=\"application\/ld+json\" class=\"yoast-schema-graph\">{\"@context\":\"https:\\\/\\\/schema.org\",\"@graph\":[{\"@type\":\"WebPage\",\"@id\":\"https:\\\/\\\/www.museauxetsabots.fr\\\/\",\"url\":\"https:\\\/\\\/www.museauxetsabots.fr\\\/\",\"name\":\"Association sp\u00e9cialis\u00e9e en M\u00e9diation animale pr\u00e9s de Lille\",\"isPartOf\":{\"@id\":\"https:\\\/\\\/www.museauxetsabots.fr\\\/#website\"},\"primaryImageOfPage\":{\"@id\":\"https:\\\/\\\/www.museauxetsabots.fr\\\/#primaryimage\"},\"image\":{\"@id\":\"https:\\\/\\\/www.museauxetsabots.fr\\\/#primaryimage\"},\"thumbnailUrl\":\"https:\\\/\\\/www.museauxetsabots.fr\\\/wp-content\\\/uploads\\\/2025\\\/08\\\/Association-specialisee-en-Mediation-animale-Orchies.jpeg\",\"datePublished\":\"2021-10-29T08:15:42+00:00\",\"dateModified\":\"2026-03-08T20:33:49+00:00\",\"description\":\"D\u00e9couvrez notre association sp\u00e9cialis\u00e9e en m\u00e9diation animale et en ateliers p\u00e9dagogiques pr\u00e8s de Lille et ses environs\",\"breadcrumb\":{\"@id\":\"https:\\\/\\\/www.museauxetsabots.fr\\\/#breadcrumb\"},\"inLanguage\":\"fr-FR\",\"potentialAction\":[{\"@type\":\"ReadAction\",\"target\":[\"https:\\\/\\\/www.museauxetsabots.fr\\\/\"]}]},{\"@type\":\"ImageObject\",\"inLanguage\":\"fr-FR\",\"@id\":\"https:\\\/\\\/www.museauxetsabots.fr\\\/#primaryimage\",\"url\":\"https:\\\/\\\/www.museauxetsabots.fr\\\/wp-content\\\/uploads\\\/2025\\\/08\\\/Association-specialisee-en-Mediation-animale-Orchies.jpeg\",\"contentUrl\":\"https:\\\/\\\/www.museauxetsabots.fr\\\/wp-content\\\/uploads\\\/2025\\\/08\\\/Association-specialisee-en-Mediation-animale-Orchies.jpeg\",\"width\":1000,\"height\":667,\"caption\":\"Association sp\u00e9cialis\u00e9e en M\u00e9diation animale\"},{\"@type\":\"BreadcrumbList\",\"@id\":\"https:\\\/\\\/www.museauxetsabots.fr\\\/#breadcrumb\",\"itemListElement\":[{\"@type\":\"ListItem\",\"position\":1,\"name\":\"Accueil\",\"item\":\"https:\\\/\\\/www.museauxetsabots.fr\\\/\"},{\"@type\":\"ListItem\",\"position\":2,\"name\":\"Museaux et Sabots &#8211; M\u00e9diation animale et Ateliers P\u00e9dagogiques pr\u00e8s de Lille\"}]},{\"@type\":\"WebSite\",\"@id\":\"https:\\\/\\\/www.museauxetsabots.fr\\\/#website\",\"url\":\"https:\\\/\\\/www.museauxetsabots.fr\\\/\",\"name\":\"Ahora-sophro\",\"description\":\"\",\"publisher\":{\"@id\":\"https:\\\/\\\/www.museauxetsabots.fr\\\/#\\\/schema\\\/person\\\/630178c3bdea9ed9542d1ea7831a3893\"},\"potentialAction\":[{\"@type\":\"SearchAction\",\"target\":{\"@type\":\"EntryPoint\",\"urlTemplate\":\"https:\\\/\\\/www.museauxetsabots.fr\\\/?s={search_term_string}\"},\"query-input\":{\"@type\":\"PropertyValueSpecification\",\"valueRequired\":true,\"valueName\":\"search_term_string\"}}],\"inLanguage\":\"fr-FR\"},{\"@type\":[\"Person\",\"Organization\"],\"@id\":\"https:\\\/\\\/www.museauxetsabots.fr\\\/#\\\/schema\\\/person\\\/630178c3bdea9ed9542d1ea7831a3893\",\"name\":\"Museaux et Sabots\",\"image\":{\"@type\":\"ImageObject\",\"inLanguage\":\"fr-FR\",\"@id\":\"https:\\\/\\\/ahora-sophro.com\\\/wp-content\\\/uploads\\\/2024\\\/03\\\/Canin-Equin.png\",\"url\":\"https:\\\/\\\/ahora-sophro.com\\\/wp-content\\\/uploads\\\/2024\\\/03\\\/Canin-Equin.png\",\"contentUrl\":\"https:\\\/\\\/ahora-sophro.com\\\/wp-content\\\/uploads\\\/2024\\\/03\\\/Canin-Equin.png\",\"width\":500,\"height\":500,\"caption\":\"Museaux et Sabots\"},\"logo\":{\"@id\":\"https:\\\/\\\/ahora-sophro.com\\\/wp-content\\\/uploads\\\/2024\\\/03\\\/Canin-Equin.png\"},\"sameAs\":[\"https:\\\/\\\/www.museauxetsabots.fr\",\"https:\\\/\\\/www.facebook.com\\\/Museauxetsabots\",\"https:\\\/\\\/www.instagram.com\\\/museaux_et_sabots\\\/\"]}]}<\/script>\n<!-- \/ Yoast SEO plugin. -->","yoast_head_json":{"title":"Association sp\u00e9cialis\u00e9e en M\u00e9diation animale pr\u00e9s de Lille","description":"D\u00e9couvrez notre association sp\u00e9cialis\u00e9e en m\u00e9diation animale et en ateliers p\u00e9dagogiques pr\u00e8s de Lille et ses environs","robots":{"index":"index","follow":"follow","max-snippet":"max-snippet:-1","max-image-preview":"max-image-preview:large","max-video-preview":"max-video-preview:-1"},"canonical":"https:\/\/www.museauxetsabots.fr\/","og_locale":"fr_FR","og_type":"article","og_title":"Association sp\u00e9cialis\u00e9e en M\u00e9diation animale pr\u00e9s de Lille","og_description":"D\u00e9couvrez notre association sp\u00e9cialis\u00e9e en m\u00e9diation animale et en ateliers p\u00e9dagogiques pr\u00e8s de Lille et ses environs","og_url":"https:\/\/www.museauxetsabots.fr\/","article_publisher":"https:\/\/www.facebook.com\/Museauxetsabots","article_modified_time":"2026-03-08T20:33:49+00:00","og_image":[{"width":1000,"height":667,"url":"https:\/\/www.museauxetsabots.fr\/wp-content\/uploads\/2025\/08\/Association-specialisee-en-Mediation-animale-Orchies.jpeg","type":"image\/jpeg"}],"twitter_card":"summary_large_image","twitter_misc":{"Dur\u00e9e de lecture estim\u00e9e":"3 minutes"},"schema":{"@context":"https:\/\/schema.org","@graph":[{"@type":"WebPage","@id":"https:\/\/www.museauxetsabots.fr\/","url":"https:\/\/www.museauxetsabots.fr\/","name":"Association sp\u00e9cialis\u00e9e en M\u00e9diation animale pr\u00e9s de Lille","isPartOf":{"@id":"https:\/\/www.museauxetsabots.fr\/#website"},"primaryImageOfPage":{"@id":"https:\/\/www.museauxetsabots.fr\/#primaryimage"},"image":{"@id":"https:\/\/www.museauxetsabots.fr\/#primaryimage"},"thumbnailUrl":"https:\/\/www.museauxetsabots.fr\/wp-content\/uploads\/2025\/08\/Association-specialisee-en-Mediation-animale-Orchies.jpeg","datePublished":"2021-10-29T08:15:42+00:00","dateModified":"2026-03-08T20:33:49+00:00","description":"D\u00e9couvrez notre association sp\u00e9cialis\u00e9e en m\u00e9diation animale et en ateliers p\u00e9dagogiques pr\u00e8s de Lille et ses environs","breadcrumb":{"@id":"https:\/\/www.museauxetsabots.fr\/#breadcrumb"},"inLanguage":"fr-FR","potentialAction":[{"@type":"ReadAction","target":["https:\/\/www.museauxetsabots.fr\/"]}]},{"@type":"ImageObject","inLanguage":"fr-FR","@id":"https:\/\/www.museauxetsabots.fr\/#primaryimage","url":"https:\/\/www.museauxetsabots.fr\/wp-content\/uploads\/2025\/08\/Association-specialisee-en-Mediation-animale-Orchies.jpeg","contentUrl":"https:\/\/www.museauxetsabots.fr\/wp-content\/uploads\/2025\/08\/Association-specialisee-en-Mediation-animale-Orchies.jpeg","width":1000,"height":667,"caption":"Association sp\u00e9cialis\u00e9e en M\u00e9diation animale"},{"@type":"BreadcrumbList","@id":"https:\/\/www.museauxetsabots.fr\/#breadcrumb","itemListElement":[{"@type":"ListItem","position":1,"name":"Accueil","item":"https:\/\/www.museauxetsabots.fr\/"},{"@type":"ListItem","position":2,"name":"Museaux et Sabots &#8211; M\u00e9diation animale et Ateliers P\u00e9dagogiques pr\u00e8s de Lille"}]},{"@type":"WebSite","@id":"https:\/\/www.museauxetsabots.fr\/#website","url":"https:\/\/www.museauxetsabots.fr\/","name":"Ahora-sophro","description":"","publisher":{"@id":"https:\/\/www.museauxetsabots.fr\/#\/schema\/person\/630178c3bdea9ed9542d1ea7831a3893"},"potentialAction":[{"@type":"SearchAction","target":{"@type":"EntryPoint","urlTemplate":"https:\/\/www.museauxetsabots.fr\/?s={search_term_string}"},"query-input":{"@type":"PropertyValueSpecification","valueRequired":true,"valueName":"search_term_string"}}],"inLanguage":"fr-FR"},{"@type":["Person","Organization"],"@id":"https:\/\/www.museauxetsabots.fr\/#\/schema\/person\/630178c3bdea9ed9542d1ea7831a3893","name":"Museaux et Sabots","image":{"@type":"ImageObject","inLanguage":"fr-FR","@id":"https:\/\/ahora-sophro.com\/wp-content\/uploads\/2024\/03\/Canin-Equin.png","url":"https:\/\/ahora-sophro.com\/wp-content\/uploads\/2024\/03\/Canin-Equin.png","contentUrl":"https:\/\/ahora-sophro.com\/wp-content\/uploads\/2024\/03\/Canin-Equin.png","width":500,"height":500,"caption":"Museaux et Sabots"},"logo":{"@id":"https:\/\/ahora-sophro.com\/wp-content\/uploads\/2024\/03\/Canin-Equin.png"},"sameAs":["https:\/\/www.museauxetsabots.fr","https:\/\/www.facebook.com\/Museauxetsabots","https:\/\/www.instagram.com\/museaux_et_sabots\/"]}]}},"_links":{"self":[{"href":"https:\/\/www.museauxetsabots.fr\/index.php\/wp-json\/wp\/v2\/pages\/5","targetHints":{"allow":["GET"]}}],"collection":[{"href":"https:\/\/www.museauxetsabots.fr\/index.php\/wp-json\/wp\/v2\/pages"}],"about":[{"href":"https:\/\/www.museauxetsabots.fr\/index.php\/wp-json\/wp\/v2\/types\/page"}],"author":[{"embeddable":true,"href":"https:\/\/www.museauxetsabots.fr\/index.php\/wp-json\/wp\/v2\/users\/1"}],"replies":[{"embeddable":true,"href":"https:\/\/www.museauxetsabots.fr\/index.php\/wp-json\/wp\/v2\/comments?post=5"}],"version-history":[{"count":214,"href":"https:\/\/www.museauxetsabots.fr\/index.php\/wp-json\/wp\/v2\/pages\/5\/revisions"}],"predecessor-version":[{"id":2128,"href":"https:\/\/www.museauxetsabots.fr\/index.php\/wp-json\/wp\/v2\/pages\/5\/revisions\/2128"}],"wp:attachment":[{"href":"https:\/\/www.museauxetsabots.fr\/index.php\/wp-json\/wp\/v2\/media?parent=5"}],"curies":[{"name":"wp","href":"https:\/\/api.w.org\/{rel}","templated":true}]}}